{"id":4083,"date":"2021-12-15T19:33:23","date_gmt":"2021-12-16T01:33:23","guid":{"rendered":"https:\/\/shincheonji-usa.org\/nuestra-mision\/"},"modified":"2022-03-12T13:56:19","modified_gmt":"2022-03-12T19:56:19","slug":"nuestra-mision","status":"publish","type":"page","link":"https:\/\/shincheonji-usa.org\/es\/nuestra-mision\/","title":{"rendered":"Nuestra misi\u00f3n"},"content":{"rendered":"<div class=\"wpb-content-wrapper\"><p>[vc_row full_width=\u00bbstretch_row_content\u00bb full_height=\u00bbyes\u00bb equal_height=\u00bbyes\u00bb background_image_size=\u00bbcover\u00bb disable_background_image=\u00bb\u00bb css=\u00bb.vc_custom_1644508746574{background-position: center !important;background-repeat: no-repeat !important;background-size: cover !important;}\u00bb simple_background_image=\u00bb3392&#8243;][vc_column width=\u00bb1\/6&#8243;][\/vc_column][vc_column width=\u00bb1\/6&#8243;][\/vc_column][vc_column width=\u00bb1\/6&#8243;][\/vc_column][vc_column width=\u00bb2\/6&#8243; css=\u00bb.vc_custom_1644508575363{padding-top: 50px !important;padding-right: 50px !important;padding-bottom: 50px !important;padding-left: 50px !important;background-color: rgba(221,142,24,0.8) !important;*background-color: rgb(221,142,24) !important;}\u00bb][vc_custom_heading text=\u00bbNuestra misi\u00f3n\u00bb font_container=\u00bbtag:h1|font_size:55|text_align:left|color:%23ffffff|line_height:1.2em\u00bb use_theme_fonts=\u00bbyes\u00bb][vc_column_text]<\/p>\n<h6><span style=\"color: #ffffff;\">Estamos trabajando con Dios y los esp\u00edritus del cielo para sanar toda la creaci\u00f3n de Dios, para sanar a todas las naciones del mundo (Apoc. 22:1-2). La Biblia y sus palabras reveladas tienen el poder de transformar corazones y mentes, reuni\u00e9ndonos con nuestro Creador.<\/span><\/h6>\n<p>[\/vc_column_text][\/vc_column][vc_column width=\u00bb1\/6&#8243;][\/vc_column][\/vc_row][vc_row full_width=\u00bbstretch_row_content_no_spaces\u00bb][vc_column]<div class=\"eltdf-dual-stack-showcase  eltdf-left-layout eltdf-bg-image-type eltdf-navigation-numbers   eltdf-lh-custom-3650\" data-item-class=\"eltdf-lh-custom-3650\">\n\t\t\t<div class=\"eltdf-dss-image\" style=\"background-image: url(https:\/\/i0.wp.com\/shincheonji-usa.org\/wp-content\/uploads\/2022\/02\/ben-white-qYanN54gIrI-unsplash-scaled.jpg?fit=2560%2C1709&amp;ssl=1);background-repeat: no-repeat;background-size: cover;background-position: center center\">\n\t\t\t<img loading=\"lazy\" decoding=\"async\" width=\"2560\" height=\"1709\" src=\"https:\/\/i0.wp.com\/shincheonji-usa.org\/wp-content\/uploads\/2022\/02\/ben-white-qYanN54gIrI-unsplash-scaled.jpg?fit=2560%2C1709&amp;ssl=1\" class=\"attachment-full size-full\" alt=\"\" srcset=\"https:\/\/i0.wp.com\/shincheonji-usa.org\/wp-content\/uploads\/2022\/02\/ben-white-qYanN54gIrI-unsplash-scaled.jpg?w=2560&amp;ssl=1 2560w, https:\/\/i0.wp.com\/shincheonji-usa.org\/wp-content\/uploads\/2022\/02\/ben-white-qYanN54gIrI-unsplash-scaled.jpg?resize=300%2C200&amp;ssl=1 300w, https:\/\/i0.wp.com\/shincheonji-usa.org\/wp-content\/uploads\/2022\/02\/ben-white-qYanN54gIrI-unsplash-scaled.jpg?resize=1024%2C684&amp;ssl=1 1024w, https:\/\/i0.wp.com\/shincheonji-usa.org\/wp-content\/uploads\/2022\/02\/ben-white-qYanN54gIrI-unsplash-scaled.jpg?resize=768%2C513&amp;ssl=1 768w, https:\/\/i0.wp.com\/shincheonji-usa.org\/wp-content\/uploads\/2022\/02\/ben-white-qYanN54gIrI-unsplash-scaled.jpg?resize=1536%2C1025&amp;ssl=1 1536w, https:\/\/i0.wp.com\/shincheonji-usa.org\/wp-content\/uploads\/2022\/02\/ben-white-qYanN54gIrI-unsplash-scaled.jpg?w=2200&amp;ssl=1 2200w\" sizes=\"auto, (max-width: 1100px) 100vw, 1100px\" \/>\t\t<\/div>\n\t\t<div class=\"eltdf-dss-content\" >\n\t\t<div class=\"eltdf-dss-content-inner\" >\n\t\t\t[vc_column_text]<\/p>\n<div>\n<p>La Iglesia Shincheonji de Jes\u00fas Templo del Tabern\u00e1culo del Testimonio existe para servir a Dios y hacer Su voluntad en la tierra como se hace en el cielo (Sal 103:20-22). Shincheonji significa Cielo Nuevo y Tierra Nueva, una referencia al <a class=\"external-link\" href=\"https:\/\/shincheonji-usa.org\/es\/profecias-del-nuevo-testamento\/#the-promised-kingdom\" target=\"_blank\" rel=\"noopener\" aria-label-position=\"top\" aria-label=\"https:\/\/shincheonji-usa.org\/new-testament-prophecies\/#the-promised-kingdom\">reino prometido<\/a> establecido seg\u00fan la voluntad de Dios en los \u00faltimos d\u00edas para sanar a todas las naciones (Ap 21:1-7, Apo 22:1-2). Como Iglesia de Jes\u00fas, estamos trabajando para compartir las palabras de Jes\u00fas con todo el mundo. Pero mientras que la mayor\u00eda de las iglesias en el mundo solo pueden compartir las palabras que Jes\u00fas nos dio hace 2000 a\u00f1os, tambi\u00e9n estamos compartiendo la <a class=\"external-link\" href=\"https:\/\/shincheonji-usa.org\/es\/profecias-del-nuevo-testamento\/#promised-revelation\" target=\"_blank\" rel=\"noopener\" aria-label-position=\"top\" aria-label=\"https:\/\/shincheonji-usa.org\/new-testament-prophecies\/#promised-revelation\">palabra revelada que Jes\u00fas prometi\u00f3 dar en el futuro<\/a> : el testimonio sobre el cumplimiento de las profec\u00edas del Nuevo Testamento (Jn 16: 12, Jn 16,25). Somos el Templo del Tabern\u00e1culo del Testimonio establecido por el <a class=\"external-link\" href=\"https:\/\/shincheonji-usa.org\/es\/profecias-del-nuevo-testamento\/#promised-messenger\" target=\"_blank\" rel=\"noopener\" aria-label-position=\"top\" aria-label=\"https:\/\/shincheonji-usa.org\/new-testament-prophecies\/#promised-messenger\">mensajero prometido<\/a> de Jes\u00fas que est\u00e1 siendo usado por Dios y Jes\u00fas para testificar los eventos del cumplimiento de Apocalipsis hoy.<\/p>\n<\/div>\n<p>[\/vc_column_text]\t\t<\/div>\n\t<\/div>\n<\/div>[vc_empty_space height=\u00bb50px\u00bb][\/vc_column][\/vc_row][vc_row gap=\u00bb5&#8243; equal_height=\u00bbyes\u00bb css=\u00bb.vc_custom_1645568623851{margin: 22px !important;}\u00bb][vc_column width=\u00bb1\/3&#8243;][vc_hoverbox image=\u00bb4070&#8243; primary_title=\u00bb\u00bb primary_title_font_container=\u00bbfont_size:60|color:%23ffffff\u00bb primary_title_use_theme_fonts=\u00bbyes\u00bb primary_title_css_animation=\u00bbnone\u00bb hover_title=\u00bbFe\u00bb hover_title_font_container=\u00bbfont_size:45|color:%23474747&#8243; hover_title_use_theme_fonts=\u00bbyes\u00bb css_animation=\u00bbfadeIn\u00bb use_custom_fonts_primary_title=\u00bbtrue\u00bb use_custom_fonts_hover_title=\u00bbtrue\u00bb]<\/p>\n<div>\n<p style=\"text-align: center;\">La claridad de la palabra revelada en Shincheonji construye la fe en los corazones de nuestros miembros porque la fe proviene de escuchar las palabras de Cristo.<\/p>\n<\/div>\n<p>[\/vc_hoverbox][\/vc_column][vc_column width=\u00bb1\/3&#8243;][vc_hoverbox image=\u00bb4064&#8243; primary_title=\u00bb\u00bb primary_title_font_container=\u00bbfont_size:60|color:%23ffffff\u00bb primary_title_use_theme_fonts=\u00bbyes\u00bb primary_title_css_animation=\u00bbnone\u00bb hover_title=\u00bbEsperanza\u00bb hover_title_font_container=\u00bbfont_size:45|color:%23474747&#8243; hover_title_use_theme_fonts=\u00bbyes\u00bb css_animation=\u00bbfadeIn\u00bb use_custom_fonts_primary_title=\u00bbtrue\u00bb use_custom_fonts_hover_title=\u00bbtrue\u00bb]<\/p>\n<p style=\"text-align: center;\">Aquellos que aprenden la palabra de Shincheonji reciben una esperanza viva en el Reino de los Cielos y la vida eterna.<\/p>\n<p>[\/vc_hoverbox][\/vc_column][vc_column width=\u00bb1\/3&#8243;][vc_hoverbox image=\u00bb4069&#8243; primary_title=\u00bb\u00bb primary_title_font_container=\u00bbfont_size:60|color:%23ffffff\u00bb primary_title_use_theme_fonts=\u00bbyes\u00bb primary_title_css_animation=\u00bbnone\u00bb hover_title=\u00bbAmor\u00bb hover_title_font_container=\u00bbfont_size:45|color:%23474747&#8243; hover_title_use_theme_fonts=\u00bbyes\u00bb css_animation=\u00bbfadeIn\u00bb use_custom_fonts_primary_title=\u00bbtrue\u00bb use_custom_fonts_hover_title=\u00bbtrue\u00bb]<\/p>\n<p style=\"text-align: center;\">A pesar de las dificultades y la persecuci\u00f3n, Shincheonji contin\u00faa compartiendo el amor perfecto de Cristo con el mundo en palabra y obra.<\/p>\n<p>[\/vc_hoverbox][\/vc_column][\/vc_row]<\/p>\n<\/div>","protected":false},"excerpt":{"rendered":"<p>[vc_row full_width=\u00bbstretch_row_content\u00bb full_height=\u00bbyes\u00bb equal_height=\u00bbyes\u00bb background_image_size=\u00bbcover\u00bb disable_background_image=\u00bb\u00bb css=\u00bb.vc_custom_1644508746574{background-position: center !important;background-repeat: no-repeat !important;background-size: cover !important;}\u00bb simple_background_image=\u00bb3392&#8243;][vc_column width=\u00bb1\/6&#8243;][\/vc_column][vc_column width=\u00bb1\/6&#8243;][\/vc_column][vc_column width=\u00bb1\/6&#8243;][\/vc_column][vc_column width=\u00bb2\/6&#8243; css=\u00bb.vc_custom_1644508575363{padding-top: 50px !important;padding-right: 50px !important;padding-bottom: 50px !important;padding-left: 50px !important;background-color: rgba(221,142,24,0.8) !important;*background-color: rgb(221,142,24) !important;}\u00bb][vc_custom_heading text=\u00bbNuestra misi\u00f3n\u00bb font_container=\u00bbtag:h1|font_size:55|text_align:left|color:%23ffffff|line_height:1.2em\u00bb use_theme_fonts=\u00bbyes\u00bb][vc_column_text] Estamos trabajando con Dios y los esp\u00edritus del cielo para sanar toda la creaci\u00f3n de Dios, para sanar a todas las naciones del mundo (Apoc. 22:1-2). La Biblia y sus palabras reveladas tienen el poder de transformar corazones y mentes, reuni\u00e9ndonos con nuestro Creador. [\/vc_column_text][\/vc_column][vc_column [&hellip;]<\/p>\n","protected":false},"author":5,"featured_media":0,"parent":0,"menu_order":0,"comment_status":"closed","ping_status":"closed","template":"full-width.php","meta":{"footnotes":""},"class_list":["post-4083","page","type-page","status-publish","hentry"],"jetpack-related-posts":[],"jetpack_sharing_enabled":true,"_links":{"self":[{"href":"https:\/\/shincheonji-usa.org\/es\/wp-json\/wp\/v2\/pages\/4083","targetHints":{"allow":["GET"]}}],"collection":[{"href":"https:\/\/shincheonji-usa.org\/es\/wp-json\/wp\/v2\/pages"}],"about":[{"href":"https:\/\/shincheonji-usa.org\/es\/wp-json\/wp\/v2\/types\/page"}],"author":[{"embeddable":true,"href":"https:\/\/shincheonji-usa.org\/es\/wp-json\/wp\/v2\/users\/5"}],"replies":[{"embeddable":true,"href":"https:\/\/shincheonji-usa.org\/es\/wp-json\/wp\/v2\/comments?post=4083"}],"version-history":[{"count":0,"href":"https:\/\/shincheonji-usa.org\/es\/wp-json\/wp\/v2\/pages\/4083\/revisions"}],"wp:attachment":[{"href":"https:\/\/shincheonji-usa.org\/es\/wp-json\/wp\/v2\/media?parent=4083"}],"curies":[{"name":"wp","href":"https:\/\/api.w.org\/{rel}","templated":true}]}}